{"id":420,"date":"2025-03-12T17:17:36","date_gmt":"2025-03-12T17:17:36","guid":{"rendered":"https:\/\/autolinkparts.eu\/poufnosc\/"},"modified":"2025-03-18T12:32:30","modified_gmt":"2025-03-18T12:32:30","slug":"poufnosc","status":"publish","type":"page","link":"https:\/\/autolinkparts.eu\/pl\/poufnosc\/","title":{"rendered":"Poufno\u015b\u0107"},"content":{"rendered":"\t\t<div data-elementor-type=\"wp-page\" data-elementor-id=\"420\" class=\"elementor elementor-420 elementor-31\" data-elementor-post-type=\"page\">\n\t\t\t\t<div class=\"elementor-element elementor-element-96b0b7d e-flex e-con-boxed e-con e-parent\" data-id=\"96b0b7d\" data-element_type=\"container\" data-settings=\"{&quot;background_background&quot;:&quot;classic&quot;}\">\n\t\t\t\t\t<div class=\"e-con-inner\">\n\t\t<div class=\"elementor-element elementor-element-4d4cc31 e-con-full e-flex e-con e-child\" data-id=\"4d4cc31\" data-element_type=\"container\">\n\t\t\t\t<div class=\"elementor-element elementor-element-ff288a4 elementor-widget elementor-widget-heading\" data-id=\"ff288a4\" data-element_type=\"widget\" data-widget_type=\"heading.default\">\n\t\t\t\t<div class=\"elementor-widget-container\">\n\t\t\t\t\t<h2 class=\"elementor-heading-title elementor-size-default\">Poufno\u015b\u0107<\/h2>\t\t\t\t<\/div>\n\t\t\t\t<\/div>\n\t\t\t\t<div class=\"elementor-element elementor-element-f10aa88 elementor-icon-list--layout-inline elementor-align-right elementor-mobile-align-center elementor-list-item-link-full_width elementor-widget elementor-widget-icon-list\" data-id=\"f10aa88\" data-element_type=\"widget\" data-widget_type=\"icon-list.default\">\n\t\t\t\t<div class=\"elementor-widget-container\">\n\t\t\t\t\t\t\t<ul class=\"elementor-icon-list-items elementor-inline-items\">\n\t\t\t\t\t\t\t<li class=\"elementor-icon-list-item elementor-inline-item\">\n\t\t\t\t\t\t\t\t\t\t\t<a href=\"#\">\n\n\t\t\t\t\t\t\t\t\t\t\t<span class=\"elementor-icon-list-text\">Strona g\u0142\u00f3wna<\/span>\n\t\t\t\t\t\t\t\t\t\t\t<\/a>\n\t\t\t\t\t\t\t\t\t<\/li>\n\t\t\t\t\t\t\t\t<li class=\"elementor-icon-list-item elementor-inline-item\">\n\t\t\t\t\t\t\t\t\t\t\t<span class=\"elementor-icon-list-icon\">\n\t\t\t\t\t\t\t<svg aria-hidden=\"true\" class=\"e-font-icon-svg e-fas-arrow-circle-right\" viewBox=\"0 0 512 512\" xmlns=\"http:\/\/www.w3.org\/2000\/svg\"><path d=\"M256 8c137 0 248 111 248 248S393 504 256 504 8 393 8 256 119 8 256 8zm-28.9 143.6l75.5 72.4H120c-13.3 0-24 10.7-24 24v16c0 13.3 10.7 24 24 24h182.6l-75.5 72.4c-9.7 9.3-9.9 24.8-.4 34.3l11 10.9c9.4 9.4 24.6 9.4 33.9 0L404.3 273c9.4-9.4 9.4-24.6 0-33.9L271.6 106.3c-9.4-9.4-24.6-9.4-33.9 0l-11 10.9c-9.5 9.6-9.3 25.1.4 34.4z\"><\/path><\/svg>\t\t\t\t\t\t<\/span>\n\t\t\t\t\t\t\t\t\t\t<span class=\"elementor-icon-list-text\">Poufno\u015b\u0107<\/span>\n\t\t\t\t\t\t\t\t\t<\/li>\n\t\t\t\t\t\t<\/ul>\n\t\t\t\t\t\t<\/div>\n\t\t\t\t<\/div>\n\t\t\t\t<\/div>\n\t\t\t\t\t<\/div>\n\t\t\t\t<\/div>\n\t\t<div class=\"elementor-element elementor-element-3642c1e e-flex e-con-boxed e-con e-parent\" data-id=\"3642c1e\" data-element_type=\"container\">\n\t\t\t\t\t<div class=\"e-con-inner\">\n\t\t\t\t<div class=\"elementor-element elementor-element-3c15ec4 elementor-widget elementor-widget-text-editor\" data-id=\"3c15ec4\" data-element_type=\"widget\" data-widget_type=\"text-editor.default\">\n\t\t\t\t<div class=\"elementor-widget-container\">\n\t\t\t\t\t\t\t\t\t<h5>Definicje<\/h5>\n<ul>\n    <li><strong>Wydawca<\/strong>: Osoba fizyczna lub prawna, kt\u00f3ra publikuje publiczne us\u0142ugi komunikacyjne online.<\/li>\n    <li><strong>Witryna<\/strong>: Wszystkie witryny, strony internetowe i us\u0142ugi online oferowane przez Wydawc\u0119.<\/li>\n    <li><strong>U\u017cytkownik<\/strong>: osoba korzystaj\u0105ca z Witryny i us\u0142ug.<\/li>\n<\/ul>\n<h4>1. Charakter gromadzonych danych<\/h4>\n<p>W kontek\u015bcie korzystania z Witryn Wydawca mo\u017ce gromadzi\u0107 nast\u0119puj\u0105ce kategorie danych dotycz\u0105cych U\u017cytkownik\u00f3w:<\/p>\n<ul>\n    <li>Dane po\u0142\u0105czenia (adresy IP, dzienniki zdarze\u0144&#8230;)<\/li>\n<\/ul>\n<h4>2. Uprzednie informacje dotycz\u0105ce przekazywania danych osobowych stronom trzecim w przypadku fuzji\/przej\u0119cia<\/h4>\n<h5>Wcze\u015bniejsze informacje i rezygnacja przed i po fuzji\/przej\u0119ciu<\/h5>\n<p>W przypadku, gdy uczestniczymy w fuzji, przej\u0119ciu lub innej formie przeniesienia aktyw\u00f3w, zobowi\u0105zujemy si\u0119 do zapewnienia poufno\u015bci danych osobowych u\u017cytkownika i poinformowania go przed ich przeniesieniem lub obj\u0119ciem nowymi zasadami ochrony prywatno\u015bci.<\/p>\n<h4>3. Gromadzenie danych identyfikacyjnych<\/h4>\n<h5>Bezp\u0142atna konsultacja<\/h5>\n<p>Przegl\u0105danie Witryny nie wymaga wcze\u015bniejszej rejestracji ani identyfikacji. Mo\u017cna to zrobi\u0107 bez podawania jakichkolwiek danych osobowych (nazwiska, imienia, adresu itp.). Nie rejestrujemy \u017cadnych danych osobowych w celu zwyk\u0142ego przegl\u0105dania Witryny.  <\/p>\n<h4>4. Gromadzenie danych terminala<\/h4>\n<h5>Gromadzenie danych profilowych i technicznych na potrzeby \u015bwiadczenia us\u0142ug<\/h5>\n<p>Niekt\u00f3re dane techniczne z urz\u0105dzenia u\u017cytkownika s\u0105 automatycznie gromadzone przez Witryn\u0119. Informacje te obejmuj\u0105 adres IP, dostawc\u0119 us\u0142ug internetowych, konfiguracj\u0119 sprz\u0119tu, konfiguracj\u0119 oprogramowania, typ i j\u0119zyk przegl\u0105darki&#8230; Gromadzenie tych danych jest niezb\u0119dne do \u015bwiadczenia us\u0142ug.  <\/p>\n<h5>Gromadzenie danych technicznych do cel\u00f3w reklamowych, handlowych i statystycznych<\/h5>\n<p>Dane techniczne z urz\u0105dzenia u\u017cytkownika s\u0105 automatycznie gromadzone i rejestrowane przez Witryn\u0119 w celach reklamowych, handlowych i statystycznych. Informacje te pomagaj\u0105 nam spersonalizowa\u0107 i stale ulepsza\u0107 korzystanie z naszej Witryny. Nie gromadzimy ani nie przechowujemy \u017cadnych danych osobowych (nazwisko, imi\u0119, adres itp.), kt\u00f3re mog\u0105 by\u0107 powi\u0105zane z danymi technicznymi. Zebrane dane mog\u0105 by\u0107 odsprzedawane stronom trzecim.   <\/p>\n<h4>5. Przechowywanie danych technicznych<\/h4>\n<h5>Okres przechowywania danych technicznych<\/h5>\n<p>Dane techniczne s\u0105 przechowywane przez czas \u015bci\u015ble niezb\u0119dny do osi\u0105gni\u0119cia cel\u00f3w wymienionych powy\u017cej.<\/p>\n<h4>6. Usuwanie konta<\/h4>\n<h5>Usuni\u0119cie konta na \u017c\u0105danie<\/h5>\n<p>U\u017cytkownik ma mo\u017cliwo\u015b\u0107 usuni\u0119cia swojego Konta w dowolnym momencie, po prostu zwracaj\u0105c si\u0119 o to do Wydawcy LUB poprzez menu usuwania Konta w ustawieniach Konta, je\u015bli dotyczy.<\/p>\n<h5>Usuni\u0119cie konta w przypadku naruszenia Polityki prywatno\u015bci<\/h5>\n<p>W przypadku naruszenia jednego lub wi\u0119cej postanowie\u0144 Polityki prywatno\u015bci lub jakiegokolwiek innego dokumentu w\u0142\u0105czonego do niniejszego dokumentu przez odniesienie, Wydawca zastrzega sobie prawo do zako\u0144czenia lub ograniczenia, bez uprzedniego powiadomienia i wed\u0142ug w\u0142asnego uznania, korzystania i dost\u0119pu do us\u0142ug, konta u\u017cytkownika i wszystkich Witryn.<\/p>\n<h4>7. Modyfikacja Polityki Prywatno\u015bci<\/h4>\n<h5>W przypadku modyfikacji niniejszej Polityki prywatno\u015bci, zobowi\u0105zanie do nieobni\u017cania poziomu prywatno\u015bci bez uprzedniego powiadomienia zainteresowanych stron<\/h5>\n<p>Zobowi\u0105zujemy si\u0119 do informowania u\u017cytkownika w przypadku istotnej modyfikacji niniejszej Polityki prywatno\u015bci i do nieobni\u017cania w spos\u00f3b znacz\u0105cy poziomu prywatno\u015bci jego danych bez poinformowania go o tym i uzyskania jego zgody.<\/p>\n<h4>8. Prawo w\u0142a\u015bciwe i \u015brodki zaradcze<\/h4>\n<h5>Klauzula arbitra\u017cowa<\/h5>\n<p>U\u017cytkownik wyra\u017anie zgadza si\u0119, \u017ce wszelkie spory wynikaj\u0105ce z niniejszej Polityki prywatno\u015bci, w tym jej interpretacji lub wykonania, b\u0119d\u0105 podlega\u0107 procedurze arbitra\u017cowej zgodnie z zasadami platformy arbitra\u017cowej wybranej za obop\u00f3ln\u0105 zgod\u0105, do kt\u00f3rej u\u017cytkownik zastosuje si\u0119 bez zastrze\u017ce\u0144.<\/p>\t\t\t\t\t\t\t\t<\/div>\n\t\t\t\t<\/div>\n\t\t\t\t\t<\/div>\n\t\t\t\t<\/div>\n\t\t\t\t<\/div>\n\t\t","protected":false},"excerpt":{"rendered":"<p>Poufno\u015b\u0107 Strona g\u0142\u00f3wna Definicje Wydawca: Osoba fizyczna lub prawna, kt\u00f3ra publikuje publiczne us\u0142ugi komunikacyjne online. Witryna: Wszystkie witryny, strony internetowe i us\u0142ugi online oferowane przez Wydawc\u0119. U\u017cytkownik: osoba korzystaj\u0105ca z Witryny i us\u0142ug. 1. Charakter gromadzonych danych W kontek\u015bcie korzystania z Witryn Wydawca mo\u017ce gromadzi\u0107 nast\u0119puj\u0105ce kategorie danych dotycz\u0105cych U\u017cytkownik\u00f3w: Dane po\u0142\u0105czenia (adresy IP, dzienniki [&hellip;]<\/p>\n","protected":false},"author":1,"featured_media":0,"parent":0,"menu_order":0,"comment_status":"closed","ping_status":"closed","template":"","meta":{"footnotes":""},"class_list":["post-420","page","type-page","status-publish","hentry"],"yoast_head":"<!-- This site is optimized with the Yoast SEO plugin v24.7 - https:\/\/yoast.com\/wordpress\/plugins\/seo\/ -->\n<title>Poufno\u015b\u0107 - Auto Link<\/title>\n<meta name=\"robots\" content=\"index, follow, max-snippet:-1, max-image-preview:large, max-video-preview:-1\" \/>\n<link rel=\"canonical\" href=\"https:\/\/autolinkparts.eu\/pl\/poufnosc\/\" \/>\n<meta property=\"og:locale\" content=\"pl_PL\" \/>\n<meta property=\"og:type\" content=\"article\" \/>\n<meta property=\"og:title\" content=\"Poufno\u015b\u0107 - Auto Link\" \/>\n<meta property=\"og:description\" content=\"Poufno\u015b\u0107 Strona g\u0142\u00f3wna Definicje Wydawca: Osoba fizyczna lub prawna, kt\u00f3ra publikuje publiczne us\u0142ugi komunikacyjne online. Witryna: Wszystkie witryny, strony internetowe i us\u0142ugi online oferowane przez Wydawc\u0119. U\u017cytkownik: osoba korzystaj\u0105ca z Witryny i us\u0142ug. 1. Charakter gromadzonych danych W kontek\u015bcie korzystania z Witryn Wydawca mo\u017ce gromadzi\u0107 nast\u0119puj\u0105ce kategorie danych dotycz\u0105cych U\u017cytkownik\u00f3w: Dane po\u0142\u0105czenia (adresy IP, dzienniki [&hellip;]\" \/>\n<meta property=\"og:url\" content=\"https:\/\/autolinkparts.eu\/pl\/poufnosc\/\" \/>\n<meta property=\"og:site_name\" content=\"Auto Link\" \/>\n<meta property=\"article:modified_time\" content=\"2025-03-18T12:32:30+00:00\" \/>\n<meta name=\"twitter:card\" content=\"summary_large_image\" \/>\n<meta name=\"twitter:label1\" content=\"Szacowany czas czytania\" \/>\n\t<meta name=\"twitter:data1\" content=\"3 minuty\" \/>\n<script type=\"application\/ld+json\" class=\"yoast-schema-graph\">{\"@context\":\"https:\/\/schema.org\",\"@graph\":[{\"@type\":\"WebPage\",\"@id\":\"https:\/\/autolinkparts.eu\/pl\/poufnosc\/\",\"url\":\"https:\/\/autolinkparts.eu\/pl\/poufnosc\/\",\"name\":\"Poufno\u015b\u0107 - Auto Link\",\"isPartOf\":{\"@id\":\"https:\/\/autolinkparts.eu\/pl\/#website\"},\"datePublished\":\"2025-03-12T17:17:36+00:00\",\"dateModified\":\"2025-03-18T12:32:30+00:00\",\"breadcrumb\":{\"@id\":\"https:\/\/autolinkparts.eu\/pl\/poufnosc\/#breadcrumb\"},\"inLanguage\":\"pl-PL\",\"potentialAction\":[{\"@type\":\"ReadAction\",\"target\":[\"https:\/\/autolinkparts.eu\/pl\/poufnosc\/\"]}]},{\"@type\":\"BreadcrumbList\",\"@id\":\"https:\/\/autolinkparts.eu\/pl\/poufnosc\/#breadcrumb\",\"itemListElement\":[{\"@type\":\"ListItem\",\"position\":1,\"name\":\"Strona g\u0142\u00f3wna\",\"item\":\"https:\/\/autolinkparts.eu\/pl\/strona-glowna\/\"},{\"@type\":\"ListItem\",\"position\":2,\"name\":\"Poufno\u015b\u0107\"}]},{\"@type\":\"WebSite\",\"@id\":\"https:\/\/autolinkparts.eu\/pl\/#website\",\"url\":\"https:\/\/autolinkparts.eu\/pl\/\",\"name\":\"Auto Link\",\"description\":\"Zaufany dostawca cz\u0119\u015bci samochodowych - jako\u015b\u0107 i szybka dostawa\",\"publisher\":{\"@id\":\"https:\/\/autolinkparts.eu\/pl\/#organization\"},\"potentialAction\":[{\"@type\":\"SearchAction\",\"target\":{\"@type\":\"EntryPoint\",\"urlTemplate\":\"https:\/\/autolinkparts.eu\/pl\/?s={search_term_string}\"},\"query-input\":{\"@type\":\"PropertyValueSpecification\",\"valueRequired\":true,\"valueName\":\"search_term_string\"}}],\"inLanguage\":\"pl-PL\"},{\"@type\":\"Organization\",\"@id\":\"https:\/\/autolinkparts.eu\/pl\/#organization\",\"name\":\"Auto Link\",\"url\":\"https:\/\/autolinkparts.eu\/pl\/\",\"logo\":{\"@type\":\"ImageObject\",\"inLanguage\":\"pl-PL\",\"@id\":\"https:\/\/autolinkparts.eu\/pl\/#\/schema\/logo\/image\/\",\"url\":\"https:\/\/autolinkparts.eu\/wp-content\/uploads\/2025\/03\/Design-sans-titre-2025-03-12T181345.628-e1741804553923.png\",\"contentUrl\":\"https:\/\/autolinkparts.eu\/wp-content\/uploads\/2025\/03\/Design-sans-titre-2025-03-12T181345.628-e1741804553923.png\",\"width\":1193,\"height\":276,\"caption\":\"Auto Link\"},\"image\":{\"@id\":\"https:\/\/autolinkparts.eu\/pl\/#\/schema\/logo\/image\/\"}}]}<\/script>\n<!-- \/ Yoast SEO plugin. -->","yoast_head_json":{"title":"Poufno\u015b\u0107 - Auto Link","robots":{"index":"index","follow":"follow","max-snippet":"max-snippet:-1","max-image-preview":"max-image-preview:large","max-video-preview":"max-video-preview:-1"},"canonical":"https:\/\/autolinkparts.eu\/pl\/poufnosc\/","og_locale":"pl_PL","og_type":"article","og_title":"Poufno\u015b\u0107 - Auto Link","og_description":"Poufno\u015b\u0107 Strona g\u0142\u00f3wna Definicje Wydawca: Osoba fizyczna lub prawna, kt\u00f3ra publikuje publiczne us\u0142ugi komunikacyjne online. Witryna: Wszystkie witryny, strony internetowe i us\u0142ugi online oferowane przez Wydawc\u0119. U\u017cytkownik: osoba korzystaj\u0105ca z Witryny i us\u0142ug. 1. Charakter gromadzonych danych W kontek\u015bcie korzystania z Witryn Wydawca mo\u017ce gromadzi\u0107 nast\u0119puj\u0105ce kategorie danych dotycz\u0105cych U\u017cytkownik\u00f3w: Dane po\u0142\u0105czenia (adresy IP, dzienniki [&hellip;]","og_url":"https:\/\/autolinkparts.eu\/pl\/poufnosc\/","og_site_name":"Auto Link","article_modified_time":"2025-03-18T12:32:30+00:00","twitter_card":"summary_large_image","twitter_misc":{"Szacowany czas czytania":"3 minuty"},"schema":{"@context":"https:\/\/schema.org","@graph":[{"@type":"WebPage","@id":"https:\/\/autolinkparts.eu\/pl\/poufnosc\/","url":"https:\/\/autolinkparts.eu\/pl\/poufnosc\/","name":"Poufno\u015b\u0107 - Auto Link","isPartOf":{"@id":"https:\/\/autolinkparts.eu\/pl\/#website"},"datePublished":"2025-03-12T17:17:36+00:00","dateModified":"2025-03-18T12:32:30+00:00","breadcrumb":{"@id":"https:\/\/autolinkparts.eu\/pl\/poufnosc\/#breadcrumb"},"inLanguage":"pl-PL","potentialAction":[{"@type":"ReadAction","target":["https:\/\/autolinkparts.eu\/pl\/poufnosc\/"]}]},{"@type":"BreadcrumbList","@id":"https:\/\/autolinkparts.eu\/pl\/poufnosc\/#breadcrumb","itemListElement":[{"@type":"ListItem","position":1,"name":"Strona g\u0142\u00f3wna","item":"https:\/\/autolinkparts.eu\/pl\/strona-glowna\/"},{"@type":"ListItem","position":2,"name":"Poufno\u015b\u0107"}]},{"@type":"WebSite","@id":"https:\/\/autolinkparts.eu\/pl\/#website","url":"https:\/\/autolinkparts.eu\/pl\/","name":"Auto Link","description":"Zaufany dostawca cz\u0119\u015bci samochodowych - jako\u015b\u0107 i szybka dostawa","publisher":{"@id":"https:\/\/autolinkparts.eu\/pl\/#organization"},"potentialAction":[{"@type":"SearchAction","target":{"@type":"EntryPoint","urlTemplate":"https:\/\/autolinkparts.eu\/pl\/?s={search_term_string}"},"query-input":{"@type":"PropertyValueSpecification","valueRequired":true,"valueName":"search_term_string"}}],"inLanguage":"pl-PL"},{"@type":"Organization","@id":"https:\/\/autolinkparts.eu\/pl\/#organization","name":"Auto Link","url":"https:\/\/autolinkparts.eu\/pl\/","logo":{"@type":"ImageObject","inLanguage":"pl-PL","@id":"https:\/\/autolinkparts.eu\/pl\/#\/schema\/logo\/image\/","url":"https:\/\/autolinkparts.eu\/wp-content\/uploads\/2025\/03\/Design-sans-titre-2025-03-12T181345.628-e1741804553923.png","contentUrl":"https:\/\/autolinkparts.eu\/wp-content\/uploads\/2025\/03\/Design-sans-titre-2025-03-12T181345.628-e1741804553923.png","width":1193,"height":276,"caption":"Auto Link"},"image":{"@id":"https:\/\/autolinkparts.eu\/pl\/#\/schema\/logo\/image\/"}}]}},"_links":{"self":[{"href":"https:\/\/autolinkparts.eu\/pl\/wp-json\/wp\/v2\/pages\/420","targetHints":{"allow":["GET"]}}],"collection":[{"href":"https:\/\/autolinkparts.eu\/pl\/wp-json\/wp\/v2\/pages"}],"about":[{"href":"https:\/\/autolinkparts.eu\/pl\/wp-json\/wp\/v2\/types\/page"}],"author":[{"embeddable":true,"href":"https:\/\/autolinkparts.eu\/pl\/wp-json\/wp\/v2\/users\/1"}],"replies":[{"embeddable":true,"href":"https:\/\/autolinkparts.eu\/pl\/wp-json\/wp\/v2\/comments?post=420"}],"version-history":[{"count":1,"href":"https:\/\/autolinkparts.eu\/pl\/wp-json\/wp\/v2\/pages\/420\/revisions"}],"predecessor-version":[{"id":421,"href":"https:\/\/autolinkparts.eu\/pl\/wp-json\/wp\/v2\/pages\/420\/revisions\/421"}],"wp:attachment":[{"href":"https:\/\/autolinkparts.eu\/pl\/wp-json\/wp\/v2\/media?parent=420"}],"curies":[{"name":"wp","href":"https:\/\/api.w.org\/{rel}","templated":true}]}}