{"id":416,"date":"2025-03-12T17:16:55","date_gmt":"2025-03-12T17:16:55","guid":{"rendered":"https:\/\/autolinkparts.eu\/kontakt\/"},"modified":"2025-04-01T14:58:09","modified_gmt":"2025-04-01T14:58:09","slug":"kontakt","status":"publish","type":"page","link":"https:\/\/autolinkparts.eu\/pl\/kontakt\/","title":{"rendered":"Kontakt"},"content":{"rendered":"\t\t<div data-elementor-type=\"wp-page\" data-elementor-id=\"416\" class=\"elementor elementor-416 elementor-27\" data-elementor-post-type=\"page\">\n\t\t\t\t<div class=\"elementor-element elementor-element-3929e13 e-flex e-con-boxed e-con e-parent\" data-id=\"3929e13\" data-element_type=\"container\" data-settings=\"{&quot;background_background&quot;:&quot;classic&quot;}\">\n\t\t\t\t\t<div class=\"e-con-inner\">\n\t\t<div class=\"elementor-element elementor-element-660d5a70 e-con-full e-flex e-con e-child\" data-id=\"660d5a70\" data-element_type=\"container\">\n\t\t\t\t<div class=\"elementor-element elementor-element-33199ef8 elementor-widget elementor-widget-heading\" data-id=\"33199ef8\" data-element_type=\"widget\" data-widget_type=\"heading.default\">\n\t\t\t\t<div class=\"elementor-widget-container\">\n\t\t\t\t\t<h2 class=\"elementor-heading-title elementor-size-default\">Kontakt<\/h2>\t\t\t\t<\/div>\n\t\t\t\t<\/div>\n\t\t\t\t<div class=\"elementor-element elementor-element-771d468b elementor-icon-list--layout-inline elementor-align-right elementor-mobile-align-center elementor-list-item-link-full_width elementor-widget elementor-widget-icon-list\" data-id=\"771d468b\" data-element_type=\"widget\" data-widget_type=\"icon-list.default\">\n\t\t\t\t<div class=\"elementor-widget-container\">\n\t\t\t\t\t\t\t<ul class=\"elementor-icon-list-items elementor-inline-items\">\n\t\t\t\t\t\t\t<li class=\"elementor-icon-list-item elementor-inline-item\">\n\t\t\t\t\t\t\t\t\t\t\t<a href=\"#\">\n\n\t\t\t\t\t\t\t\t\t\t\t<span class=\"elementor-icon-list-text\">Strona g\u0142\u00f3wna<\/span>\n\t\t\t\t\t\t\t\t\t\t\t<\/a>\n\t\t\t\t\t\t\t\t\t<\/li>\n\t\t\t\t\t\t\t\t<li class=\"elementor-icon-list-item elementor-inline-item\">\n\t\t\t\t\t\t\t\t\t\t\t<span class=\"elementor-icon-list-icon\">\n\t\t\t\t\t\t\t<svg aria-hidden=\"true\" class=\"e-font-icon-svg e-fas-arrow-circle-right\" viewBox=\"0 0 512 512\" xmlns=\"http:\/\/www.w3.org\/2000\/svg\"><path d=\"M256 8c137 0 248 111 248 248S393 504 256 504 8 393 8 256 119 8 256 8zm-28.9 143.6l75.5 72.4H120c-13.3 0-24 10.7-24 24v16c0 13.3 10.7 24 24 24h182.6l-75.5 72.4c-9.7 9.3-9.9 24.8-.4 34.3l11 10.9c9.4 9.4 24.6 9.4 33.9 0L404.3 273c9.4-9.4 9.4-24.6 0-33.9L271.6 106.3c-9.4-9.4-24.6-9.4-33.9 0l-11 10.9c-9.5 9.6-9.3 25.1.4 34.4z\"><\/path><\/svg>\t\t\t\t\t\t<\/span>\n\t\t\t\t\t\t\t\t\t\t<span class=\"elementor-icon-list-text\">Kontakt<\/span>\n\t\t\t\t\t\t\t\t\t<\/li>\n\t\t\t\t\t\t<\/ul>\n\t\t\t\t\t\t<\/div>\n\t\t\t\t<\/div>\n\t\t\t\t<\/div>\n\t\t\t\t\t<\/div>\n\t\t\t\t<\/div>\n\t\t<div class=\"elementor-element elementor-element-3cb77937 e-flex e-con-boxed e-con e-parent\" data-id=\"3cb77937\" data-element_type=\"container\">\n\t\t\t\t\t<div class=\"e-con-inner\">\n\t\t<div class=\"elementor-element elementor-element-4fd75088 e-con-full e-flex e-con e-child\" data-id=\"4fd75088\" data-element_type=\"container\">\n\t\t<div class=\"elementor-element elementor-element-64b8df40 e-con-full e-flex e-con e-child\" data-id=\"64b8df40\" data-element_type=\"container\">\n\t\t\t\t<div class=\"elementor-element elementor-element-7981301d elementor-widget elementor-widget-heading\" data-id=\"7981301d\" data-element_type=\"widget\" data-widget_type=\"heading.default\">\n\t\t\t\t<div class=\"elementor-widget-container\">\n\t\t\t\t\t<h2 class=\"elementor-heading-title elementor-size-default\">Kontakt<\/h2>\t\t\t\t<\/div>\n\t\t\t\t<\/div>\n\t\t\t\t<div class=\"elementor-element elementor-element-c5cd59d elementor-widget-mobile__width-initial elementor-invisible elementor-widget elementor-widget-heading\" data-id=\"c5cd59d\" data-element_type=\"widget\" data-settings=\"{&quot;_animation&quot;:&quot;fadeInUp&quot;}\" data-widget_type=\"heading.default\">\n\t\t\t\t<div class=\"elementor-widget-container\">\n\t\t\t\t\t<h2 class=\"elementor-heading-title elementor-size-default\">Skontaktuj si\u0119 z AutoLink!<\/h2>\t\t\t\t<\/div>\n\t\t\t\t<\/div>\n\t\t\t\t<div class=\"elementor-element elementor-element-538a8bd elementor-widget__width-inherit elementor-widget elementor-widget-text-editor\" data-id=\"538a8bd\" data-element_type=\"widget\" data-widget_type=\"text-editor.default\">\n\t\t\t\t<div class=\"elementor-widget-container\">\n\t\t\t\t\t\t\t\t\t<p>Masz pytania dotycz\u0105ce naszych produkt\u00f3w? Potrzebujesz wyceny zam\u00f3wienia hurtowego? Nasz zesp\u00f3\u0142 jest tutaj, aby Ci pom\u00f3c. Skontaktuj si\u0119 z nami ju\u017c dzi\u015b i znajd\u017amy najlepsze rozwi\u0105zanie dla Twoich potrzeb.<\/p>\t\t\t\t\t\t\t\t<\/div>\n\t\t\t\t<\/div>\n\t\t\t\t<div class=\"elementor-element elementor-element-d7a25e1 elementor-view-stacked elementor-position-left elementor-mobile-position-left elementor-shape-square elementor-invisible elementor-widget elementor-widget-icon-box\" data-id=\"d7a25e1\" data-element_type=\"widget\" data-settings=\"{&quot;_animation&quot;:&quot;fadeInRight&quot;}\" data-widget_type=\"icon-box.default\">\n\t\t\t\t<div class=\"elementor-widget-container\">\n\t\t\t\t\t\t\t<div class=\"elementor-icon-box-wrapper\">\n\n\t\t\t\t\t\t<div class=\"elementor-icon-box-icon\">\n\t\t\t\t<span  class=\"elementor-icon\">\n\t\t\t\t<i aria-hidden=\"true\" class=\"icon icon-email\"><\/i>\t\t\t\t<\/span>\n\t\t\t<\/div>\n\t\t\t\n\t\t\t\t\t\t<div class=\"elementor-icon-box-content\">\n\n\t\t\t\t\t\t\t\t\t<div class=\"elementor-icon-box-title\">\n\t\t\t\t\t\t<span  >\n\t\t\t\t\t\t\tAdres pocztowy\t\t\t\t\t\t<\/span>\n\t\t\t\t\t<\/div>\n\t\t\t\t\n\t\t\t\t\t\t\t\t\t<p class=\"elementor-icon-box-description\">\n\t\t\t\t\t\tinfo@autolinkparts.eu\t\t\t\t\t<\/p>\n\t\t\t\t\n\t\t\t<\/div>\n\t\t\t\n\t\t<\/div>\n\t\t\t\t\t\t<\/div>\n\t\t\t\t<\/div>\n\t\t\t\t<div class=\"elementor-element elementor-element-3ede089 elementor-view-stacked elementor-position-left elementor-mobile-position-left elementor-shape-square elementor-invisible elementor-widget elementor-widget-icon-box\" data-id=\"3ede089\" data-element_type=\"widget\" data-settings=\"{&quot;_animation&quot;:&quot;fadeInRight&quot;}\" data-widget_type=\"icon-box.default\">\n\t\t\t\t<div class=\"elementor-widget-container\">\n\t\t\t\t\t\t\t<div class=\"elementor-icon-box-wrapper\">\n\n\t\t\t\t\t\t<div class=\"elementor-icon-box-icon\">\n\t\t\t\t<span  class=\"elementor-icon\">\n\t\t\t\t<i aria-hidden=\"true\" class=\"icon icon-phone-call2\"><\/i>\t\t\t\t<\/span>\n\t\t\t<\/div>\n\t\t\t\n\t\t\t\t\t\t<div class=\"elementor-icon-box-content\">\n\n\t\t\t\t\t\t\t\t\t<div class=\"elementor-icon-box-title\">\n\t\t\t\t\t\t<span  >\n\t\t\t\t\t\t\tTelefon\t\t\t\t\t\t<\/span>\n\t\t\t\t\t<\/div>\n\t\t\t\t\n\t\t\t\t\t\t\t\t\t<p class=\"elementor-icon-box-description\">\n\t\t\t\t\t\t+48 732144167 (Obecnie niedost\u0119pne)\n\t\t\t\t\t<\/p>\n\t\t\t\t\n\t\t\t<\/div>\n\t\t\t\n\t\t<\/div>\n\t\t\t\t\t\t<\/div>\n\t\t\t\t<\/div>\n\t\t\t\t<div class=\"elementor-element elementor-element-8065da8 elementor-view-stacked elementor-position-left elementor-mobile-position-left elementor-shape-square elementor-invisible elementor-widget elementor-widget-icon-box\" data-id=\"8065da8\" data-element_type=\"widget\" data-settings=\"{&quot;_animation&quot;:&quot;fadeInRight&quot;}\" data-widget_type=\"icon-box.default\">\n\t\t\t\t<div class=\"elementor-widget-container\">\n\t\t\t\t\t\t\t<div class=\"elementor-icon-box-wrapper\">\n\n\t\t\t\t\t\t<div class=\"elementor-icon-box-icon\">\n\t\t\t\t<span  class=\"elementor-icon\">\n\t\t\t\t<i aria-hidden=\"true\" class=\" ti-location-pin\"><\/i>\t\t\t\t<\/span>\n\t\t\t<\/div>\n\t\t\t\n\t\t\t\t\t\t<div class=\"elementor-icon-box-content\">\n\n\t\t\t\t\t\t\t\t\t<div class=\"elementor-icon-box-title\">\n\t\t\t\t\t\t<span  >\n\t\t\t\t\t\t\tAdres\t\t\t\t\t\t<\/span>\n\t\t\t\t\t<\/div>\n\t\t\t\t\n\t\t\t\t\t\t\t\t\t<p class=\"elementor-icon-box-description\">\n\t\t\t\t\t\tVilla Metro Business House, Warszawa, 02-715\t\t\t\t\t<\/p>\n\t\t\t\t\n\t\t\t<\/div>\n\t\t\t\n\t\t<\/div>\n\t\t\t\t\t\t<\/div>\n\t\t\t\t<\/div>\n\t\t\t\t<\/div>\n\t\t<div class=\"elementor-element elementor-element-1941a8d4 e-con-full e-flex e-con e-child\" data-id=\"1941a8d4\" data-element_type=\"container\">\n\t\t\t\t<div class=\"elementor-element elementor-element-ac148cb elementor-button-align-stretch elementor-invisible elementor-widget elementor-widget-form\" data-id=\"ac148cb\" data-element_type=\"widget\" data-settings=\"{&quot;step_next_label&quot;:&quot;Nast\\u0119pny&quot;,&quot;step_previous_label&quot;:&quot;Poprzedni&quot;,&quot;_animation&quot;:&quot;slideInUp&quot;,&quot;button_width&quot;:&quot;100&quot;,&quot;step_type&quot;:&quot;number_text&quot;,&quot;step_icon_shape&quot;:&quot;circle&quot;}\" data-widget_type=\"form.default\">\n\t\t\t\t<div class=\"elementor-widget-container\">\n\t\t\t\t\t\t\t<form class=\"elementor-form\" method=\"post\" name=\"Nowy formularz\">\n\t\t\t<input type=\"hidden\" name=\"post_id\" value=\"416\"\/>\n\t\t\t<input type=\"hidden\" name=\"form_id\" value=\"ac148cb\"\/>\n\t\t\t<input type=\"hidden\" name=\"referer_title\" value=\"Skontaktuj si\u0119 z AutoLink | Skontaktuj si\u0119 z naszym zespo\u0142em ju\u017c dzi\u015b\" \/>\n\n\t\t\t\t\t\t\t<input type=\"hidden\" name=\"queried_id\" value=\"416\"\/>\n\t\t\t\n\t\t\t<div class=\"elementor-form-fields-wrapper elementor-labels-above\">\n\t\t\t\t\t\t\t\t<div class=\"elementor-field-type-text elementor-field-group elementor-column elementor-field-group-name elementor-col-50\">\n\t\t\t\t\t\t\t\t\t\t\t\t\t<input size=\"1\" type=\"text\" name=\"form_fields[name]\" id=\"form-field-name\" class=\"elementor-field elementor-size-md  elementor-field-textual\" placeholder=\"Nazwa\">\n\t\t\t\t\t\t\t\t\t\t\t<\/div>\n\t\t\t\t\t\t\t\t<div class=\"elementor-field-type-tel elementor-field-group elementor-column elementor-field-group-field_71275a2 elementor-col-50\">\n\t\t\t\t\t\t\t<input size=\"1\" type=\"tel\" name=\"form_fields[field_71275a2]\" id=\"form-field-field_71275a2\" class=\"elementor-field elementor-size-md  elementor-field-textual\" placeholder=\"Telefon\" pattern=\"[0-9()#&amp;+*-=.]+\" title=\"Only numbers and phone characters (#, -, *, etc) are accepted.\">\n\n\t\t\t\t\t\t<\/div>\n\t\t\t\t\t\t\t\t<div class=\"elementor-field-type-email elementor-field-group elementor-column elementor-field-group-email elementor-col-50 elementor-field-required\">\n\t\t\t\t\t\t\t\t\t\t\t\t\t<input size=\"1\" type=\"email\" name=\"form_fields[email]\" id=\"form-field-email\" class=\"elementor-field elementor-size-md  elementor-field-textual\" placeholder=\"E-mail\" required=\"required\">\n\t\t\t\t\t\t\t\t\t\t\t<\/div>\n\t\t\t\t\t\t\t\t<div class=\"elementor-field-type-text elementor-field-group elementor-column elementor-field-group-field_8d9059a elementor-col-50\">\n\t\t\t\t\t\t\t\t\t\t\t\t\t<input size=\"1\" type=\"text\" name=\"form_fields[field_8d9059a]\" id=\"form-field-field_8d9059a\" class=\"elementor-field elementor-size-md  elementor-field-textual\" placeholder=\"Firma\">\n\t\t\t\t\t\t\t\t\t\t\t<\/div>\n\t\t\t\t\t\t\t\t<div class=\"elementor-field-type-textarea elementor-field-group elementor-column elementor-field-group-message elementor-col-100\">\n\t\t\t\t\t<textarea class=\"elementor-field-textual elementor-field  elementor-size-md\" name=\"form_fields[message]\" id=\"form-field-message\" rows=\"5\" placeholder=\"Wiadomo\u015b\u0107\"><\/textarea>\t\t\t\t<\/div>\n\t\t\t\t\t\t\t\t<div class=\"elementor-field-group elementor-column elementor-field-type-submit elementor-col-100 e-form__buttons\">\n\t\t\t\t\t<button class=\"elementor-button elementor-size-md\" type=\"submit\">\n\t\t\t\t\t\t<span class=\"elementor-button-content-wrapper\">\n\t\t\t\t\t\t\t\t\t\t\t\t\t\t\t\t\t\t\t\t\t\t<span class=\"elementor-button-text\">Wy\u015blij moj\u0105 wiadomo\u015b\u0107<\/span>\n\t\t\t\t\t\t\t\t\t\t\t\t\t<\/span>\n\t\t\t\t\t<\/button>\n\t\t\t\t<\/div>\n\t\t\t<\/div>\n\t\t<\/form>\n\t\t\t\t\t\t<\/div>\n\t\t\t\t<\/div>\n\t\t\t\t<\/div>\n\t\t\t\t<\/div>\n\t\t<div class=\"elementor-element elementor-element-16609609 e-con-full e-flex e-con e-child\" data-id=\"16609609\" data-element_type=\"container\">\n\t\t\t\t<div class=\"elementor-element elementor-element-6b0700bd elementor-widget elementor-widget-google_maps\" data-id=\"6b0700bd\" data-element_type=\"widget\" data-widget_type=\"google_maps.default\">\n\t\t\t\t<div class=\"elementor-widget-container\">\n\t\t\t\t\t\t\t<div class=\"elementor-custom-embed\">\n\t\t\t<iframe loading=\"lazy\"\n\t\t\t\t\tsrc=\"https:\/\/maps.google.com\/maps?q=Warsaw&#038;t=m&#038;z=10&#038;output=embed&#038;iwloc=near\"\n\t\t\t\t\ttitle=\"Warsaw\"\n\t\t\t\t\taria-label=\"Warsaw\"\n\t\t\t><\/iframe>\n\t\t<\/div>\n\t\t\t\t\t\t<\/div>\n\t\t\t\t<\/div>\n\t\t\t\t<\/div>\n\t\t<div class=\"elementor-element elementor-element-886147c e-flex e-con-boxed e-con e-child\" data-id=\"886147c\" data-element_type=\"container\">\n\t\t\t\t\t<div class=\"e-con-inner\">\n\t\t\t\t<div class=\"elementor-element elementor-element-6b5705c3 animated-fast elementor-invisible elementor-widget elementor-widget-heading\" data-id=\"6b5705c3\" data-element_type=\"widget\" data-settings=\"{&quot;_animation&quot;:&quot;fadeInLeft&quot;}\" data-widget_type=\"heading.default\">\n\t\t\t\t<div class=\"elementor-widget-container\">\n\t\t\t\t\t<h2 class=\"elementor-heading-title elementor-size-default\">\u015aled\u017a nasz\u0105 sie\u0107 spo\u0142eczno\u015bciow\u0105<\/h2>\t\t\t\t<\/div>\n\t\t\t\t<\/div>\n\t\t\t\t<div class=\"elementor-element elementor-element-76207d36 elementor-shape-square e-grid-align-mobile-left e-grid-align-tablet-center animated-fast elementor-grid-0 e-grid-align-center elementor-invisible elementor-widget elementor-widget-social-icons\" data-id=\"76207d36\" data-element_type=\"widget\" data-settings=\"{&quot;_animation&quot;:&quot;fadeInRight&quot;}\" data-widget_type=\"social-icons.default\">\n\t\t\t\t<div class=\"elementor-widget-container\">\n\t\t\t\t\t\t\t<div class=\"elementor-social-icons-wrapper elementor-grid\">\n\t\t\t\t\t\t\t<span class=\"elementor-grid-item\">\n\t\t\t\t\t<a class=\"elementor-icon elementor-social-icon elementor-social-icon-instagram elementor-animation-grow elementor-repeater-item-3ea7280\" href=\"https:\/\/www.instagram.com\/autolinkparts.eu\/\" target=\"_blank\">\n\t\t\t\t\t\t<span class=\"elementor-screen-only\">Instagram<\/span>\n\t\t\t\t\t\t<svg aria-hidden=\"true\" class=\"e-font-icon-svg e-fab-instagram\" viewBox=\"0 0 448 512\" xmlns=\"http:\/\/www.w3.org\/2000\/svg\"><path d=\"M224.1 141c-63.6 0-114.9 51.3-114.9 114.9s51.3 114.9 114.9 114.9S339 319.5 339 255.9 287.7 141 224.1 141zm0 189.6c-41.1 0-74.7-33.5-74.7-74.7s33.5-74.7 74.7-74.7 74.7 33.5 74.7 74.7-33.6 74.7-74.7 74.7zm146.4-194.3c0 14.9-12 26.8-26.8 26.8-14.9 0-26.8-12-26.8-26.8s12-26.8 26.8-26.8 26.8 12 26.8 26.8zm76.1 27.2c-1.7-35.9-9.9-67.7-36.2-93.9-26.2-26.2-58-34.4-93.9-36.2-37-2.1-147.9-2.1-184.9 0-35.8 1.7-67.6 9.9-93.9 36.1s-34.4 58-36.2 93.9c-2.1 37-2.1 147.9 0 184.9 1.7 35.9 9.9 67.7 36.2 93.9s58 34.4 93.9 36.2c37 2.1 147.9 2.1 184.9 0 35.9-1.7 67.7-9.9 93.9-36.2 26.2-26.2 34.4-58 36.2-93.9 2.1-37 2.1-147.8 0-184.8zM398.8 388c-7.8 19.6-22.9 34.7-42.6 42.6-29.5 11.7-99.5 9-132.1 9s-102.7 2.6-132.1-9c-19.6-7.8-34.7-22.9-42.6-42.6-11.7-29.5-9-99.5-9-132.1s-2.6-102.7 9-132.1c7.8-19.6 22.9-34.7 42.6-42.6 29.5-11.7 99.5-9 132.1-9s102.7-2.6 132.1 9c19.6 7.8 34.7 22.9 42.6 42.6 11.7 29.5 9 99.5 9 132.1s2.7 102.7-9 132.1z\"><\/path><\/svg>\t\t\t\t\t<\/a>\n\t\t\t\t<\/span>\n\t\t\t\t\t<\/div>\n\t\t\t\t\t\t<\/div>\n\t\t\t\t<\/div>\n\t\t\t\t\t<\/div>\n\t\t\t\t<\/div>\n\t\t\t\t\t<\/div>\n\t\t\t\t<\/div>\n\t\t\t\t<\/div>\n\t\t","protected":false},"excerpt":{"rendered":"<p>Strona g\u0142\u00f3wna Kontakt Skontaktuj si\u0119 z AutoLink! Masz pytania dotycz\u0105ce naszych produkt\u00f3w? Potrzebujesz wyceny zam\u00f3wienia hurtowego? Nasz zesp\u00f3\u0142 jest tutaj, aby Ci pom\u00f3c. Skontaktuj si\u0119 z nami ju\u017c dzi\u015b i znajd\u017amy najlepsze rozwi\u0105zanie dla Twoich potrzeb. Adres pocztowy info@autolinkparts.eu Telefon +48 732144167 (Obecnie niedost\u0119pne) Adres Villa Metro Business House, Warszawa, 02-715 \u015aled\u017a nasz\u0105 sie\u0107 spo\u0142eczno\u015bciow\u0105 [&hellip;]<\/p>\n","protected":false},"author":1,"featured_media":0,"parent":0,"menu_order":0,"comment_status":"closed","ping_status":"closed","template":"","meta":{"footnotes":""},"class_list":["post-416","page","type-page","status-publish","hentry"],"yoast_head":"<!-- This site is optimized with the Yoast SEO plugin v24.7 - https:\/\/yoast.com\/wordpress\/plugins\/seo\/ -->\n<title>Skontaktuj si\u0119 z AutoLink | Skontaktuj si\u0119 z naszym zespo\u0142em ju\u017c dzi\u015b<\/title>\n<meta name=\"description\" content=\"Potrzebujesz cz\u0119\u015bci samochodowych lub masz pytanie? Skontaktuj si\u0119 z AutoLink ju\u017c dzi\u015b, aby uzyska\u0107 fachow\u0105 pomoc, szybk\u0105 wycen\u0119 i niezawodn\u0105 obs\u0142ug\u0119. Zadzwo\u0144, wy\u015blij e-mail lub wiadomo\u015b\u0107!\" \/>\n<meta name=\"robots\" content=\"index, follow, max-snippet:-1, max-image-preview:large, max-video-preview:-1\" \/>\n<link rel=\"canonical\" href=\"https:\/\/autolinkparts.eu\/pl\/kontakt\/\" \/>\n<meta property=\"og:locale\" content=\"pl_PL\" \/>\n<meta property=\"og:type\" content=\"article\" \/>\n<meta property=\"og:title\" content=\"Skontaktuj si\u0119 z AutoLink | Skontaktuj si\u0119 z naszym zespo\u0142em ju\u017c dzi\u015b\" \/>\n<meta property=\"og:description\" content=\"Potrzebujesz cz\u0119\u015bci samochodowych lub masz pytanie? Skontaktuj si\u0119 z AutoLink ju\u017c dzi\u015b, aby uzyska\u0107 fachow\u0105 pomoc, szybk\u0105 wycen\u0119 i niezawodn\u0105 obs\u0142ug\u0119. Zadzwo\u0144, wy\u015blij e-mail lub wiadomo\u015b\u0107!\" \/>\n<meta property=\"og:url\" content=\"https:\/\/autolinkparts.eu\/pl\/kontakt\/\" \/>\n<meta property=\"og:site_name\" content=\"Auto Link\" \/>\n<meta property=\"article:modified_time\" content=\"2025-04-01T14:58:09+00:00\" \/>\n<meta name=\"twitter:card\" content=\"summary_large_image\" \/>\n<script type=\"application\/ld+json\" class=\"yoast-schema-graph\">{\"@context\":\"https:\/\/schema.org\",\"@graph\":[{\"@type\":\"WebPage\",\"@id\":\"https:\/\/autolinkparts.eu\/pl\/kontakt\/\",\"url\":\"https:\/\/autolinkparts.eu\/pl\/kontakt\/\",\"name\":\"Skontaktuj si\u0119 z AutoLink | Skontaktuj si\u0119 z naszym zespo\u0142em ju\u017c dzi\u015b\",\"isPartOf\":{\"@id\":\"https:\/\/autolinkparts.eu\/pl\/#website\"},\"datePublished\":\"2025-03-12T17:16:55+00:00\",\"dateModified\":\"2025-04-01T14:58:09+00:00\",\"description\":\"Potrzebujesz cz\u0119\u015bci samochodowych lub masz pytanie? Skontaktuj si\u0119 z AutoLink ju\u017c dzi\u015b, aby uzyska\u0107 fachow\u0105 pomoc, szybk\u0105 wycen\u0119 i niezawodn\u0105 obs\u0142ug\u0119. Zadzwo\u0144, wy\u015blij e-mail lub wiadomo\u015b\u0107!\",\"breadcrumb\":{\"@id\":\"https:\/\/autolinkparts.eu\/pl\/kontakt\/#breadcrumb\"},\"inLanguage\":\"pl-PL\",\"potentialAction\":[{\"@type\":\"ReadAction\",\"target\":[\"https:\/\/autolinkparts.eu\/pl\/kontakt\/\"]}]},{\"@type\":\"BreadcrumbList\",\"@id\":\"https:\/\/autolinkparts.eu\/pl\/kontakt\/#breadcrumb\",\"itemListElement\":[{\"@type\":\"ListItem\",\"position\":1,\"name\":\"Strona g\u0142\u00f3wna\",\"item\":\"https:\/\/autolinkparts.eu\/pl\/strona-glowna\/\"},{\"@type\":\"ListItem\",\"position\":2,\"name\":\"Kontakt\"}]},{\"@type\":\"WebSite\",\"@id\":\"https:\/\/autolinkparts.eu\/pl\/#website\",\"url\":\"https:\/\/autolinkparts.eu\/pl\/\",\"name\":\"Auto Link\",\"description\":\"Zaufany dostawca cz\u0119\u015bci samochodowych - jako\u015b\u0107 i szybka dostawa\",\"publisher\":{\"@id\":\"https:\/\/autolinkparts.eu\/pl\/#organization\"},\"potentialAction\":[{\"@type\":\"SearchAction\",\"target\":{\"@type\":\"EntryPoint\",\"urlTemplate\":\"https:\/\/autolinkparts.eu\/pl\/?s={search_term_string}\"},\"query-input\":{\"@type\":\"PropertyValueSpecification\",\"valueRequired\":true,\"valueName\":\"search_term_string\"}}],\"inLanguage\":\"pl-PL\"},{\"@type\":\"Organization\",\"@id\":\"https:\/\/autolinkparts.eu\/pl\/#organization\",\"name\":\"Auto Link\",\"url\":\"https:\/\/autolinkparts.eu\/pl\/\",\"logo\":{\"@type\":\"ImageObject\",\"inLanguage\":\"pl-PL\",\"@id\":\"https:\/\/autolinkparts.eu\/pl\/#\/schema\/logo\/image\/\",\"url\":\"https:\/\/autolinkparts.eu\/wp-content\/uploads\/2025\/03\/Design-sans-titre-2025-03-12T181345.628-e1741804553923.png\",\"contentUrl\":\"https:\/\/autolinkparts.eu\/wp-content\/uploads\/2025\/03\/Design-sans-titre-2025-03-12T181345.628-e1741804553923.png\",\"width\":1193,\"height\":276,\"caption\":\"Auto Link\"},\"image\":{\"@id\":\"https:\/\/autolinkparts.eu\/pl\/#\/schema\/logo\/image\/\"}}]}<\/script>\n<!-- \/ Yoast SEO plugin. -->","yoast_head_json":{"title":"Skontaktuj si\u0119 z AutoLink | Skontaktuj si\u0119 z naszym zespo\u0142em ju\u017c dzi\u015b","description":"Potrzebujesz cz\u0119\u015bci samochodowych lub masz pytanie? Skontaktuj si\u0119 z AutoLink ju\u017c dzi\u015b, aby uzyska\u0107 fachow\u0105 pomoc, szybk\u0105 wycen\u0119 i niezawodn\u0105 obs\u0142ug\u0119. Zadzwo\u0144, wy\u015blij e-mail lub wiadomo\u015b\u0107!","robots":{"index":"index","follow":"follow","max-snippet":"max-snippet:-1","max-image-preview":"max-image-preview:large","max-video-preview":"max-video-preview:-1"},"canonical":"https:\/\/autolinkparts.eu\/pl\/kontakt\/","og_locale":"pl_PL","og_type":"article","og_title":"Skontaktuj si\u0119 z AutoLink | Skontaktuj si\u0119 z naszym zespo\u0142em ju\u017c dzi\u015b","og_description":"Potrzebujesz cz\u0119\u015bci samochodowych lub masz pytanie? Skontaktuj si\u0119 z AutoLink ju\u017c dzi\u015b, aby uzyska\u0107 fachow\u0105 pomoc, szybk\u0105 wycen\u0119 i niezawodn\u0105 obs\u0142ug\u0119. Zadzwo\u0144, wy\u015blij e-mail lub wiadomo\u015b\u0107!","og_url":"https:\/\/autolinkparts.eu\/pl\/kontakt\/","og_site_name":"Auto Link","article_modified_time":"2025-04-01T14:58:09+00:00","twitter_card":"summary_large_image","schema":{"@context":"https:\/\/schema.org","@graph":[{"@type":"WebPage","@id":"https:\/\/autolinkparts.eu\/pl\/kontakt\/","url":"https:\/\/autolinkparts.eu\/pl\/kontakt\/","name":"Skontaktuj si\u0119 z AutoLink | Skontaktuj si\u0119 z naszym zespo\u0142em ju\u017c dzi\u015b","isPartOf":{"@id":"https:\/\/autolinkparts.eu\/pl\/#website"},"datePublished":"2025-03-12T17:16:55+00:00","dateModified":"2025-04-01T14:58:09+00:00","description":"Potrzebujesz cz\u0119\u015bci samochodowych lub masz pytanie? Skontaktuj si\u0119 z AutoLink ju\u017c dzi\u015b, aby uzyska\u0107 fachow\u0105 pomoc, szybk\u0105 wycen\u0119 i niezawodn\u0105 obs\u0142ug\u0119. Zadzwo\u0144, wy\u015blij e-mail lub wiadomo\u015b\u0107!","breadcrumb":{"@id":"https:\/\/autolinkparts.eu\/pl\/kontakt\/#breadcrumb"},"inLanguage":"pl-PL","potentialAction":[{"@type":"ReadAction","target":["https:\/\/autolinkparts.eu\/pl\/kontakt\/"]}]},{"@type":"BreadcrumbList","@id":"https:\/\/autolinkparts.eu\/pl\/kontakt\/#breadcrumb","itemListElement":[{"@type":"ListItem","position":1,"name":"Strona g\u0142\u00f3wna","item":"https:\/\/autolinkparts.eu\/pl\/strona-glowna\/"},{"@type":"ListItem","position":2,"name":"Kontakt"}]},{"@type":"WebSite","@id":"https:\/\/autolinkparts.eu\/pl\/#website","url":"https:\/\/autolinkparts.eu\/pl\/","name":"Auto Link","description":"Zaufany dostawca cz\u0119\u015bci samochodowych - jako\u015b\u0107 i szybka dostawa","publisher":{"@id":"https:\/\/autolinkparts.eu\/pl\/#organization"},"potentialAction":[{"@type":"SearchAction","target":{"@type":"EntryPoint","urlTemplate":"https:\/\/autolinkparts.eu\/pl\/?s={search_term_string}"},"query-input":{"@type":"PropertyValueSpecification","valueRequired":true,"valueName":"search_term_string"}}],"inLanguage":"pl-PL"},{"@type":"Organization","@id":"https:\/\/autolinkparts.eu\/pl\/#organization","name":"Auto Link","url":"https:\/\/autolinkparts.eu\/pl\/","logo":{"@type":"ImageObject","inLanguage":"pl-PL","@id":"https:\/\/autolinkparts.eu\/pl\/#\/schema\/logo\/image\/","url":"https:\/\/autolinkparts.eu\/wp-content\/uploads\/2025\/03\/Design-sans-titre-2025-03-12T181345.628-e1741804553923.png","contentUrl":"https:\/\/autolinkparts.eu\/wp-content\/uploads\/2025\/03\/Design-sans-titre-2025-03-12T181345.628-e1741804553923.png","width":1193,"height":276,"caption":"Auto Link"},"image":{"@id":"https:\/\/autolinkparts.eu\/pl\/#\/schema\/logo\/image\/"}}]}},"_links":{"self":[{"href":"https:\/\/autolinkparts.eu\/pl\/wp-json\/wp\/v2\/pages\/416","targetHints":{"allow":["GET"]}}],"collection":[{"href":"https:\/\/autolinkparts.eu\/pl\/wp-json\/wp\/v2\/pages"}],"about":[{"href":"https:\/\/autolinkparts.eu\/pl\/wp-json\/wp\/v2\/types\/page"}],"author":[{"embeddable":true,"href":"https:\/\/autolinkparts.eu\/pl\/wp-json\/wp\/v2\/users\/1"}],"replies":[{"embeddable":true,"href":"https:\/\/autolinkparts.eu\/pl\/wp-json\/wp\/v2\/comments?post=416"}],"version-history":[{"count":2,"href":"https:\/\/autolinkparts.eu\/pl\/wp-json\/wp\/v2\/pages\/416\/revisions"}],"predecessor-version":[{"id":560,"href":"https:\/\/autolinkparts.eu\/pl\/wp-json\/wp\/v2\/pages\/416\/revisions\/560"}],"wp:attachment":[{"href":"https:\/\/autolinkparts.eu\/pl\/wp-json\/wp\/v2\/media?parent=416"}],"curies":[{"name":"wp","href":"https:\/\/api.w.org\/{rel}","templated":true}]}}