{"id":418,"date":"2025-03-12T17:17:36","date_gmt":"2025-03-12T17:17:36","guid":{"rendered":"https:\/\/autolinkparts.eu\/confidencialidad\/"},"modified":"2025-03-18T12:32:29","modified_gmt":"2025-03-18T12:32:29","slug":"confidencialidad","status":"publish","type":"page","link":"https:\/\/autolinkparts.eu\/es\/confidencialidad\/","title":{"rendered":"Confidencialidad"},"content":{"rendered":"\t\t<div data-elementor-type=\"wp-page\" data-elementor-id=\"418\" class=\"elementor elementor-418 elementor-31\" data-elementor-post-type=\"page\">\n\t\t\t\t<div class=\"elementor-element elementor-element-96b0b7d e-flex e-con-boxed e-con e-parent\" data-id=\"96b0b7d\" data-element_type=\"container\" data-settings=\"{&quot;background_background&quot;:&quot;classic&quot;}\">\n\t\t\t\t\t<div class=\"e-con-inner\">\n\t\t<div class=\"elementor-element elementor-element-4d4cc31 e-con-full e-flex e-con e-child\" data-id=\"4d4cc31\" data-element_type=\"container\">\n\t\t\t\t<div class=\"elementor-element elementor-element-ff288a4 elementor-widget elementor-widget-heading\" data-id=\"ff288a4\" data-element_type=\"widget\" data-widget_type=\"heading.default\">\n\t\t\t\t<div class=\"elementor-widget-container\">\n\t\t\t\t\t<h2 class=\"elementor-heading-title elementor-size-default\">Confidencialidad<\/h2>\t\t\t\t<\/div>\n\t\t\t\t<\/div>\n\t\t\t\t<div class=\"elementor-element elementor-element-f10aa88 elementor-icon-list--layout-inline elementor-align-right elementor-mobile-align-center elementor-list-item-link-full_width elementor-widget elementor-widget-icon-list\" data-id=\"f10aa88\" data-element_type=\"widget\" data-widget_type=\"icon-list.default\">\n\t\t\t\t<div class=\"elementor-widget-container\">\n\t\t\t\t\t\t\t<ul class=\"elementor-icon-list-items elementor-inline-items\">\n\t\t\t\t\t\t\t<li class=\"elementor-icon-list-item elementor-inline-item\">\n\t\t\t\t\t\t\t\t\t\t\t<a href=\"#\">\n\n\t\t\t\t\t\t\t\t\t\t\t<span class=\"elementor-icon-list-text\">Inicio<\/span>\n\t\t\t\t\t\t\t\t\t\t\t<\/a>\n\t\t\t\t\t\t\t\t\t<\/li>\n\t\t\t\t\t\t\t\t<li class=\"elementor-icon-list-item elementor-inline-item\">\n\t\t\t\t\t\t\t\t\t\t\t<span class=\"elementor-icon-list-icon\">\n\t\t\t\t\t\t\t<svg aria-hidden=\"true\" class=\"e-font-icon-svg e-fas-arrow-circle-right\" viewBox=\"0 0 512 512\" xmlns=\"http:\/\/www.w3.org\/2000\/svg\"><path d=\"M256 8c137 0 248 111 248 248S393 504 256 504 8 393 8 256 119 8 256 8zm-28.9 143.6l75.5 72.4H120c-13.3 0-24 10.7-24 24v16c0 13.3 10.7 24 24 24h182.6l-75.5 72.4c-9.7 9.3-9.9 24.8-.4 34.3l11 10.9c9.4 9.4 24.6 9.4 33.9 0L404.3 273c9.4-9.4 9.4-24.6 0-33.9L271.6 106.3c-9.4-9.4-24.6-9.4-33.9 0l-11 10.9c-9.5 9.6-9.3 25.1.4 34.4z\"><\/path><\/svg>\t\t\t\t\t\t<\/span>\n\t\t\t\t\t\t\t\t\t\t<span class=\"elementor-icon-list-text\">Confidencialidad<\/span>\n\t\t\t\t\t\t\t\t\t<\/li>\n\t\t\t\t\t\t<\/ul>\n\t\t\t\t\t\t<\/div>\n\t\t\t\t<\/div>\n\t\t\t\t<\/div>\n\t\t\t\t\t<\/div>\n\t\t\t\t<\/div>\n\t\t<div class=\"elementor-element elementor-element-3642c1e e-flex e-con-boxed e-con e-parent\" data-id=\"3642c1e\" data-element_type=\"container\">\n\t\t\t\t\t<div class=\"e-con-inner\">\n\t\t\t\t<div class=\"elementor-element elementor-element-3c15ec4 elementor-widget elementor-widget-text-editor\" data-id=\"3c15ec4\" data-element_type=\"widget\" data-widget_type=\"text-editor.default\">\n\t\t\t\t<div class=\"elementor-widget-container\">\n\t\t\t\t\t\t\t\t\t<h5>Definiciones<\/h5>\n<ul>\n    <li><strong>El Editor<\/strong>: La persona f\u00edsica o jur\u00eddica que publica servicios de comunicaci\u00f3n p\u00fablica en l\u00ednea.<\/li>\n    <li><strong>El Sitio<\/strong>: Todos los sitios web, p\u00e1ginas de Internet y servicios en l\u00ednea ofrecidos por el Editor.<\/li>\n    <li><strong>El Usuario<\/strong>: La persona que utiliza el Sitio y los servicios.<\/li>\n<\/ul>\n<h4>1. Naturaleza de los datos recogidos<\/h4>\n<p>En el contexto del uso de los Sitios, el Editor puede recopilar las siguientes categor\u00edas de datos relativos a sus Usuarios:<\/p>\n<ul>\n    <li>Datos de conexi\u00f3n (direcciones IP, registros de eventos&#8230;)<\/li>\n<\/ul>\n<h4>2. Informaci\u00f3n previa para la comunicaci\u00f3n de datos personales a terceros en caso de fusi\u00f3n\/adquisici\u00f3n<\/h4>\n<h5>Informaci\u00f3n previa y exclusi\u00f3n voluntaria antes y despu\u00e9s de la fusi\u00f3n\/adquisici\u00f3n<\/h5>\n<p>En caso de que participemos en una fusi\u00f3n, adquisici\u00f3n o cualquier otra forma de transferencia de activos, nos comprometemos a garantizar la confidencialidad de tus datos personales y a informarte antes de que sean transferidos o sometidos a nuevas normas de privacidad.<\/p>\n<h4>3. Recogida de datos de identidad<\/h4>\n<h5>Consulta gratuita<\/h5>\n<p>Para navegar por el Sitio no es necesario registrarse ni identificarse previamente. Puede hacerse sin que proporciones ning\u00fan dato personal (nombre, apellidos, direcci\u00f3n, etc.). No registramos ning\u00fan dato personal por la simple navegaci\u00f3n por el Sitio.<\/p>\n<h4>4. Recogida de datos del terminal<\/h4>\n<h5>Recogida de perfiles y datos t\u00e9cnicos para la prestaci\u00f3n de servicios<\/h5>\n<p>El Sitio recoge autom\u00e1ticamente algunos datos t\u00e9cnicos de tu dispositivo. Esta informaci\u00f3n incluye tu direcci\u00f3n IP, proveedor de servicios de Internet, configuraci\u00f3n de hardware, configuraci\u00f3n de software, tipo de navegador e idioma&#8230; La recogida de estos datos es necesaria para la prestaci\u00f3n de servicios.<\/p>\n<h5>Recogida de datos t\u00e9cnicos con fines publicitarios, comerciales y estad\u00edsticos<\/h5>\n<p>Los datos t\u00e9cnicos de tu dispositivo son recogidos y registrados autom\u00e1ticamente por el Sitio con fines publicitarios, comerciales y estad\u00edsticos. Esta informaci\u00f3n nos ayuda a personalizar y mejorar continuamente tu experiencia en nuestro Sitio. No recogemos ni conservamos ning\u00fan dato personal (nombre, apellidos, direcci\u00f3n, etc.) que pueda estar asociado a datos t\u00e9cnicos. Los datos recogidos pueden ser revendidos a terceros.<\/p>\n<h4>5. Conservaci\u00f3n de datos t\u00e9cnicos<\/h4>\n<h5>Duraci\u00f3n de la conservaci\u00f3n de los datos t\u00e9cnicos<\/h5>\n<p>Los datos t\u00e9cnicos se conservan durante el tiempo estrictamente necesario para alcanzar los fines mencionados anteriormente.<\/p>\n<h4>6. Eliminaci\u00f3n de la cuenta<\/h4>\n<h5>Eliminaci\u00f3n de la cuenta previa solicitud<\/h5>\n<p>El Usuario tiene la opci\u00f3n de eliminar su Cuenta en cualquier momento, simplemente solicit\u00e1ndolo al Editor O a trav\u00e9s del men\u00fa de eliminaci\u00f3n de Cuenta en la configuraci\u00f3n de la Cuenta, si procede.<\/p>\n<h5>Eliminaci\u00f3n de la cuenta en caso de violaci\u00f3n de la Pol\u00edtica de Privacidad<\/h5>\n<p>En caso de infracci\u00f3n de una o varias disposiciones de la Pol\u00edtica de privacidad o de cualquier otro documento incorporado al presente documento por referencia, el Editor se reserva el derecho a cancelar o restringir, sin previo aviso y a su entera discreci\u00f3n, tu uso y acceso a los servicios, a tu cuenta y a todos los Sitios.<\/p>\n<h4>7. Modificaci\u00f3n de la Pol\u00edtica de Privacidad<\/h4>\n<h5>En caso de modificaci\u00f3n de esta Pol\u00edtica de Privacidad, compromiso de no reducir sustancialmente el nivel de privacidad sin notificaci\u00f3n previa a las partes interesadas.<\/h5>\n<p>Nos comprometemos a informarte en caso de modificaci\u00f3n sustancial de esta Pol\u00edtica de Privacidad y a no rebajar sustancialmente el nivel de privacidad de tus datos sin informarte y obtener tu consentimiento.<\/p>\n<h4>8. Ley aplicable y recursos<\/h4>\n<h5>Cl\u00e1usula de arbitraje<\/h5>\n<p>Aceptas expresamente que cualquier disputa derivada de esta Pol\u00edtica de Privacidad, incluyendo su interpretaci\u00f3n o ejecuci\u00f3n, ser\u00e1 sometida a un procedimiento de arbitraje bajo las reglas de la plataforma de arbitraje elegida de mutuo acuerdo, a la que te adherir\u00e1s sin reservas.<\/p>\t\t\t\t\t\t\t\t<\/div>\n\t\t\t\t<\/div>\n\t\t\t\t\t<\/div>\n\t\t\t\t<\/div>\n\t\t\t\t<\/div>\n\t\t","protected":false},"excerpt":{"rendered":"<p>Confidencialidad Inicio Definiciones El Editor: La persona f\u00edsica o jur\u00eddica que publica servicios de comunicaci\u00f3n p\u00fablica en l\u00ednea. El Sitio: Todos los sitios web, p\u00e1ginas de Internet y servicios en l\u00ednea ofrecidos por el Editor. El Usuario: La persona que utiliza el Sitio y los servicios. 1. Naturaleza de los datos recogidos En el contexto [&hellip;]<\/p>\n","protected":false},"author":1,"featured_media":0,"parent":0,"menu_order":0,"comment_status":"closed","ping_status":"closed","template":"","meta":{"footnotes":""},"class_list":["post-418","page","type-page","status-publish","hentry"],"yoast_head":"<!-- This site is optimized with the Yoast SEO plugin v24.7 - https:\/\/yoast.com\/wordpress\/plugins\/seo\/ -->\n<title>Confidencialidad - Enlace autom\u00e1tico<\/title>\n<meta name=\"robots\" content=\"index, follow, max-snippet:-1, max-image-preview:large, max-video-preview:-1\" \/>\n<link rel=\"canonical\" href=\"https:\/\/autolinkparts.eu\/es\/confidencialidad\/\" \/>\n<meta property=\"og:locale\" content=\"es_ES\" \/>\n<meta property=\"og:type\" content=\"article\" \/>\n<meta property=\"og:title\" content=\"Confidencialidad - Enlace autom\u00e1tico\" \/>\n<meta property=\"og:description\" content=\"Confidencialidad Inicio Definiciones El Editor: La persona f\u00edsica o jur\u00eddica que publica servicios de comunicaci\u00f3n p\u00fablica en l\u00ednea. El Sitio: Todos los sitios web, p\u00e1ginas de Internet y servicios en l\u00ednea ofrecidos por el Editor. El Usuario: La persona que utiliza el Sitio y los servicios. 1. Naturaleza de los datos recogidos En el contexto [&hellip;]\" \/>\n<meta property=\"og:url\" content=\"https:\/\/autolinkparts.eu\/es\/confidencialidad\/\" \/>\n<meta property=\"og:site_name\" content=\"Enlace autom\u00e1tico\" \/>\n<meta property=\"article:modified_time\" content=\"2025-03-18T12:32:29+00:00\" \/>\n<meta name=\"twitter:card\" content=\"summary_large_image\" \/>\n<meta name=\"twitter:label1\" content=\"Tiempo de lectura\" \/>\n\t<meta name=\"twitter:data1\" content=\"3 minutos\" \/>\n<script type=\"application\/ld+json\" class=\"yoast-schema-graph\">{\"@context\":\"https:\/\/schema.org\",\"@graph\":[{\"@type\":\"WebPage\",\"@id\":\"https:\/\/autolinkparts.eu\/es\/confidencialidad\/\",\"url\":\"https:\/\/autolinkparts.eu\/es\/confidencialidad\/\",\"name\":\"Confidencialidad - Enlace autom\u00e1tico\",\"isPartOf\":{\"@id\":\"https:\/\/autolinkparts.eu\/es\/#website\"},\"datePublished\":\"2025-03-12T17:17:36+00:00\",\"dateModified\":\"2025-03-18T12:32:29+00:00\",\"breadcrumb\":{\"@id\":\"https:\/\/autolinkparts.eu\/es\/confidencialidad\/#breadcrumb\"},\"inLanguage\":\"es\",\"potentialAction\":[{\"@type\":\"ReadAction\",\"target\":[\"https:\/\/autolinkparts.eu\/es\/confidencialidad\/\"]}]},{\"@type\":\"BreadcrumbList\",\"@id\":\"https:\/\/autolinkparts.eu\/es\/confidencialidad\/#breadcrumb\",\"itemListElement\":[{\"@type\":\"ListItem\",\"position\":1,\"name\":\"Inicio\",\"item\":\"https:\/\/autolinkparts.eu\/es\/inicio\/\"},{\"@type\":\"ListItem\",\"position\":2,\"name\":\"Confidencialidad\"}]},{\"@type\":\"WebSite\",\"@id\":\"https:\/\/autolinkparts.eu\/es\/#website\",\"url\":\"https:\/\/autolinkparts.eu\/es\/\",\"name\":\"Auto Link\",\"description\":\"Proveedor de recambios de confianza - Calidad y entrega r\u00e1pida\",\"publisher\":{\"@id\":\"https:\/\/autolinkparts.eu\/es\/#organization\"},\"potentialAction\":[{\"@type\":\"SearchAction\",\"target\":{\"@type\":\"EntryPoint\",\"urlTemplate\":\"https:\/\/autolinkparts.eu\/es\/?s={search_term_string}\"},\"query-input\":{\"@type\":\"PropertyValueSpecification\",\"valueRequired\":true,\"valueName\":\"search_term_string\"}}],\"inLanguage\":\"es\"},{\"@type\":\"Organization\",\"@id\":\"https:\/\/autolinkparts.eu\/es\/#organization\",\"name\":\"Enlace autom\u00e1tico\",\"url\":\"https:\/\/autolinkparts.eu\/es\/\",\"logo\":{\"@type\":\"ImageObject\",\"inLanguage\":\"es\",\"@id\":\"https:\/\/autolinkparts.eu\/es\/#\/schema\/logo\/image\/\",\"url\":\"https:\/\/autolinkparts.eu\/wp-content\/uploads\/2025\/03\/Design-sans-titre-2025-03-12T181345.628-e1741804553923.png\",\"contentUrl\":\"https:\/\/autolinkparts.eu\/wp-content\/uploads\/2025\/03\/Design-sans-titre-2025-03-12T181345.628-e1741804553923.png\",\"width\":1193,\"height\":276,\"caption\":\"Enlace autom\u00e1tico\"},\"image\":{\"@id\":\"https:\/\/autolinkparts.eu\/es\/#\/schema\/logo\/image\/\"}}]}<\/script>\n<!-- \/ Yoast SEO plugin. -->","yoast_head_json":{"title":"Confidencialidad - Enlace autom\u00e1tico","robots":{"index":"index","follow":"follow","max-snippet":"max-snippet:-1","max-image-preview":"max-image-preview:large","max-video-preview":"max-video-preview:-1"},"canonical":"https:\/\/autolinkparts.eu\/es\/confidencialidad\/","og_locale":"es_ES","og_type":"article","og_title":"Confidencialidad - Enlace autom\u00e1tico","og_description":"Confidencialidad Inicio Definiciones El Editor: La persona f\u00edsica o jur\u00eddica que publica servicios de comunicaci\u00f3n p\u00fablica en l\u00ednea. El Sitio: Todos los sitios web, p\u00e1ginas de Internet y servicios en l\u00ednea ofrecidos por el Editor. El Usuario: La persona que utiliza el Sitio y los servicios. 1. Naturaleza de los datos recogidos En el contexto [&hellip;]","og_url":"https:\/\/autolinkparts.eu\/es\/confidencialidad\/","og_site_name":"Enlace autom\u00e1tico","article_modified_time":"2025-03-18T12:32:29+00:00","twitter_card":"summary_large_image","twitter_misc":{"Tiempo de lectura":"3 minutos"},"schema":{"@context":"https:\/\/schema.org","@graph":[{"@type":"WebPage","@id":"https:\/\/autolinkparts.eu\/es\/confidencialidad\/","url":"https:\/\/autolinkparts.eu\/es\/confidencialidad\/","name":"Confidencialidad - Enlace autom\u00e1tico","isPartOf":{"@id":"https:\/\/autolinkparts.eu\/es\/#website"},"datePublished":"2025-03-12T17:17:36+00:00","dateModified":"2025-03-18T12:32:29+00:00","breadcrumb":{"@id":"https:\/\/autolinkparts.eu\/es\/confidencialidad\/#breadcrumb"},"inLanguage":"es","potentialAction":[{"@type":"ReadAction","target":["https:\/\/autolinkparts.eu\/es\/confidencialidad\/"]}]},{"@type":"BreadcrumbList","@id":"https:\/\/autolinkparts.eu\/es\/confidencialidad\/#breadcrumb","itemListElement":[{"@type":"ListItem","position":1,"name":"Inicio","item":"https:\/\/autolinkparts.eu\/es\/inicio\/"},{"@type":"ListItem","position":2,"name":"Confidencialidad"}]},{"@type":"WebSite","@id":"https:\/\/autolinkparts.eu\/es\/#website","url":"https:\/\/autolinkparts.eu\/es\/","name":"Auto Link","description":"Proveedor de recambios de confianza - Calidad y entrega r\u00e1pida","publisher":{"@id":"https:\/\/autolinkparts.eu\/es\/#organization"},"potentialAction":[{"@type":"SearchAction","target":{"@type":"EntryPoint","urlTemplate":"https:\/\/autolinkparts.eu\/es\/?s={search_term_string}"},"query-input":{"@type":"PropertyValueSpecification","valueRequired":true,"valueName":"search_term_string"}}],"inLanguage":"es"},{"@type":"Organization","@id":"https:\/\/autolinkparts.eu\/es\/#organization","name":"Enlace autom\u00e1tico","url":"https:\/\/autolinkparts.eu\/es\/","logo":{"@type":"ImageObject","inLanguage":"es","@id":"https:\/\/autolinkparts.eu\/es\/#\/schema\/logo\/image\/","url":"https:\/\/autolinkparts.eu\/wp-content\/uploads\/2025\/03\/Design-sans-titre-2025-03-12T181345.628-e1741804553923.png","contentUrl":"https:\/\/autolinkparts.eu\/wp-content\/uploads\/2025\/03\/Design-sans-titre-2025-03-12T181345.628-e1741804553923.png","width":1193,"height":276,"caption":"Enlace autom\u00e1tico"},"image":{"@id":"https:\/\/autolinkparts.eu\/es\/#\/schema\/logo\/image\/"}}]}},"_links":{"self":[{"href":"https:\/\/autolinkparts.eu\/es\/wp-json\/wp\/v2\/pages\/418","targetHints":{"allow":["GET"]}}],"collection":[{"href":"https:\/\/autolinkparts.eu\/es\/wp-json\/wp\/v2\/pages"}],"about":[{"href":"https:\/\/autolinkparts.eu\/es\/wp-json\/wp\/v2\/types\/page"}],"author":[{"embeddable":true,"href":"https:\/\/autolinkparts.eu\/es\/wp-json\/wp\/v2\/users\/1"}],"replies":[{"embeddable":true,"href":"https:\/\/autolinkparts.eu\/es\/wp-json\/wp\/v2\/comments?post=418"}],"version-history":[{"count":1,"href":"https:\/\/autolinkparts.eu\/es\/wp-json\/wp\/v2\/pages\/418\/revisions"}],"predecessor-version":[{"id":419,"href":"https:\/\/autolinkparts.eu\/es\/wp-json\/wp\/v2\/pages\/418\/revisions\/419"}],"wp:attachment":[{"href":"https:\/\/autolinkparts.eu\/es\/wp-json\/wp\/v2\/media?parent=418"}],"curies":[{"name":"wp","href":"https:\/\/api.w.org\/{rel}","templated":true}]}}